{"id":5617,"date":"2024-06-12T18:13:16","date_gmt":"2024-06-12T18:13:16","guid":{"rendered":"https:\/\/estoniahebergement.com\/produit\/prolongez-votre-sejour\/"},"modified":"2025-07-31T18:14:17","modified_gmt":"2025-07-31T18:14:17","slug":"prolongez-votre-sejour","status":"publish","type":"product","link":"https:\/\/estoniahebergement.com\/en\/produit\/prolongez-votre-sejour\/","title":{"rendered":"Extend your stay &#8211; 2 nights at 10%"},"content":{"rendered":"<p>Enjoy even more of Rawdon&#8217;s natural beauty and tranquility with our special offer at Estonia H\u00e9bergement! For a limited time, we are offering you an exceptional 10% discount on extended stays.<\/p>\n<p>The promotion is not valid on Saturdays.<\/p>\n","protected":false},"excerpt":{"rendered":"<p>Profitez encore plus de la beaut\u00e9 naturelle et de la tranquillit\u00e9 de Rawdon gr\u00e2ce \u00e0 notre offre sp\u00e9ciale chez Estonia H\u00e9bergement! Pour une dur\u00e9e limit\u00e9e, nous vous offrons un rabais exceptionnel de 10% sur les s\u00e9jours prolong\u00e9s.<\/p>\n<p>Pour profiter de cette offre, vous devez absolument r\u00e9server en ligne, la promotion sera automatiquement appliqu\u00e9e lors de l&#8217;achat.<\/p>\n<p>La promotion n&#8217;est pas valide les samedis.<\/p>\n","protected":false},"featured_media":5414,"template":"","meta":{"_acf_changed":false},"product_brand":[],"product_cat":[38],"product_tag":[],"class_list":{"0":"post-5617","1":"product","2":"type-product","3":"status-publish","4":"has-post-thumbnail","6":"product_cat-promotions","8":"first","9":"instock","10":"virtual","11":"taxable","12":"product-type-simple"},"acf":[],"_links":{"self":[{"href":"https:\/\/estoniahebergement.com\/en\/wp-json\/wp\/v2\/product\/5617","targetHints":{"allow":["GET"]}}],"collection":[{"href":"https:\/\/estoniahebergement.com\/en\/wp-json\/wp\/v2\/product"}],"about":[{"href":"https:\/\/estoniahebergement.com\/en\/wp-json\/wp\/v2\/types\/product"}],"version-history":[{"count":0,"href":"https:\/\/estoniahebergement.com\/en\/wp-json\/wp\/v2\/product\/5617\/revisions"}],"wp:featuredmedia":[{"embeddable":true,"href":"https:\/\/estoniahebergement.com\/en\/wp-json\/wp\/v2\/media\/5414"}],"wp:attachment":[{"href":"https:\/\/estoniahebergement.com\/en\/wp-json\/wp\/v2\/media?parent=5617"}],"wp:term":[{"taxonomy":"product_brand","embeddable":true,"href":"https:\/\/estoniahebergement.com\/en\/wp-json\/wp\/v2\/product_brand?post=5617"},{"taxonomy":"product_cat","embeddable":true,"href":"https:\/\/estoniahebergement.com\/en\/wp-json\/wp\/v2\/product_cat?post=5617"},{"taxonomy":"product_tag","embeddable":true,"href":"https:\/\/estoniahebergement.com\/en\/wp-json\/wp\/v2\/product_tag?post=5617"}],"curies":[{"name":"wp","href":"https:\/\/api.w.org\/{rel}","templated":true}]}}